{"id":547,"date":"2025-01-23T17:33:16","date_gmt":"2025-01-23T17:33:16","guid":{"rendered":"https:\/\/financor.com.ar\/?page_id=547"},"modified":"2025-01-23T17:50:04","modified_gmt":"2025-01-23T17:50:04","slug":"politicas-de-cookies","status":"publish","type":"page","link":"https:\/\/financor.com.ar\/index.php\/politicas-de-cookies\/","title":{"rendered":"Pol\u00edticas de Cookies"},"content":{"rendered":"\t\t<div data-elementor-type=\"wp-page\" data-elementor-id=\"547\" class=\"elementor elementor-547\" data-elementor-post-type=\"page\">\n\t\t\t\t\t\t<section class=\"elementor-section elementor-top-section elementor-element elementor-element-5464fc6 elementor-section-boxed elementor-section-height-default elementor-section-height-default\" data-id=\"5464fc6\" data-element_type=\"section\">\n\t\t\t\t\t\t<div class=\"elementor-container elementor-column-gap-default\">\n\t\t\t\t\t<div class=\"elementor-column elementor-col-100 elementor-top-column elementor-element elementor-element-9df82ae\" data-id=\"9df82ae\" data-element_type=\"column\">\n\t\t\t<div class=\"elementor-widget-wrap elementor-element-populated\">\n\t\t\t\t\t\t<div class=\"elementor-element elementor-element-5abb2d6 elementor-widget elementor-widget-text-editor\" data-id=\"5abb2d6\" data-element_type=\"widget\" data-widget_type=\"text-editor.default\">\n\t\t\t\t<div class=\"elementor-widget-container\">\n\t\t\t\t\t\t\t\t\t<h3 data-pm-slice=\"1 1 []\">Qu\u00e9 son las cookies?<\/h3><p>Las cookies son peque\u00f1os archivos de texto que el Sitio Web almacena en su dispositivo al visitarlo. Se utilizan para mejorar la experiencia del usuario y para recopilar informaci\u00f3n sobre el uso del Sitio Web.<\/p><h3>Tipos de Cookies Utilizadas<\/h3><ul data-spread=\"false\"><li><p><strong>Cookies necesarias:<\/strong> Son esenciales para el funcionamiento del Sitio Web.<\/p><\/li><li><p><strong>Cookies de an\u00e1lisis:<\/strong> Nos permiten entender c\u00f3mo los usuarios interact\u00faan con nuestro sitio.<\/p><\/li><li><p><strong>Cookies de publicidad:<\/strong> Se utilizan para mostrar anuncios relevantes.<\/p><\/li><\/ul><h3>Configuraci\u00f3n de las Cookies<\/h3><p>El usuario puede configurar su navegador para aceptar, bloquear o eliminar las cookies. Sin embargo, algunas funcionalidades del Sitio Web podr\u00edan verse afectadas.<\/p><p>Para m\u00e1s informaci\u00f3n, por favor consulte nuestra secci\u00f3n completa de Pol\u00edtica de Cookies.<\/p><p>\u00a0<\/p>\t\t\t\t\t\t\t\t<\/div>\n\t\t\t\t<\/div>\n\t\t\t\t\t<\/div>\n\t\t<\/div>\n\t\t\t\t\t<\/div>\n\t\t<\/section>\n\t\t\t\t<section class=\"elementor-section elementor-top-section elementor-element elementor-element-0c22b5c elementor-section-content-middle elementor-section-boxed elementor-section-height-default elementor-section-height-default\" data-id=\"0c22b5c\" data-element_type=\"section\">\n\t\t\t\t\t\t<div class=\"elementor-container elementor-column-gap-default\">\n\t\t\t\t\t<div class=\"elementor-column elementor-col-100 elementor-top-column elementor-element elementor-element-3f52043\" data-id=\"3f52043\" data-element_type=\"column\">\n\t\t\t<div class=\"elementor-widget-wrap elementor-element-populated\">\n\t\t\t\t\t\t<div class=\"elementor-element elementor-element-2a9f583 elementor-widget elementor-widget-image\" data-id=\"2a9f583\" data-element_type=\"widget\" data-widget_type=\"image.default\">\n\t\t\t\t<div class=\"elementor-widget-container\">\n\t\t\t\t\t\t\t\t\t\t\t\t\t\t\t\t<a href=\"https:\/\/financor.com.ar\">\n\t\t\t\t\t\t\t<img decoding=\"async\" width=\"300\" height=\"113\" src=\"https:\/\/financor.com.ar\/wp-content\/uploads\/2023\/10\/logo-financor-e1737654235487-300x113.png\" class=\"attachment-medium size-medium wp-image-370\" alt=\"\" srcset=\"https:\/\/financor.com.ar\/wp-content\/uploads\/2023\/10\/logo-financor-e1737654235487-300x113.png 300w, https:\/\/financor.com.ar\/wp-content\/uploads\/2023\/10\/logo-financor-e1737654235487.png 372w\" sizes=\"(max-width: 300px) 100vw, 300px\" \/>\t\t\t\t\t\t\t\t<\/a>\n\t\t\t\t\t\t\t\t\t\t\t\t\t\t\t<\/div>\n\t\t\t\t<\/div>\n\t\t\t\t\t<\/div>\n\t\t<\/div>\n\t\t\t\t\t<\/div>\n\t\t<\/section>\n\t\t\t\t<\/div>\n\t\t","protected":false},"excerpt":{"rendered":"<p>Qu\u00e9 son las cookies? Las cookies son peque\u00f1os archivos de texto que el Sitio Web almacena en su dispositivo al visitarlo. Se utilizan para mejorar la experiencia del usuario y para recopilar informaci\u00f3n sobre el uso del Sitio Web. Tipos de Cookies Utilizadas Cookies necesarias: Son esenciales para el funcionamiento del Sitio Web. Cookies de [&hellip;]<\/p>\n","protected":false},"author":1,"featured_media":0,"parent":0,"menu_order":0,"comment_status":"closed","ping_status":"closed","template":"elementor_canvas","meta":{"footnotes":""},"class_list":["post-547","page","type-page","status-publish","hentry"],"_links":{"self":[{"href":"https:\/\/financor.com.ar\/index.php\/wp-json\/wp\/v2\/pages\/547","targetHints":{"allow":["GET"]}}],"collection":[{"href":"https:\/\/financor.com.ar\/index.php\/wp-json\/wp\/v2\/pages"}],"about":[{"href":"https:\/\/financor.com.ar\/index.php\/wp-json\/wp\/v2\/types\/page"}],"author":[{"embeddable":true,"href":"https:\/\/financor.com.ar\/index.php\/wp-json\/wp\/v2\/users\/1"}],"replies":[{"embeddable":true,"href":"https:\/\/financor.com.ar\/index.php\/wp-json\/wp\/v2\/comments?post=547"}],"version-history":[{"count":7,"href":"https:\/\/financor.com.ar\/index.php\/wp-json\/wp\/v2\/pages\/547\/revisions"}],"predecessor-version":[{"id":588,"href":"https:\/\/financor.com.ar\/index.php\/wp-json\/wp\/v2\/pages\/547\/revisions\/588"}],"wp:attachment":[{"href":"https:\/\/financor.com.ar\/index.php\/wp-json\/wp\/v2\/media?parent=547"}],"curies":[{"name":"wp","href":"https:\/\/api.w.org\/{rel}","templated":true}]}}